{"id":32,"date":"2017-07-04T11:03:38","date_gmt":"2017-07-04T09:03:38","guid":{"rendered":"http:\/\/oldtimer-ig-schneverdingen.de\/?page_id=32"},"modified":"2022-11-19T19:53:46","modified_gmt":"2022-11-19T18:53:46","slug":"ueber-die-ig","status":"publish","type":"page","link":"https:\/\/oldtimer-ig-schneverdingen.de\/?page_id=32","title":{"rendered":"\u00dcber die IG"},"content":{"rendered":"<p>Der Grundstein f\u00fcr eine Oldtimer IG in Schneverdingen wird im Herbst 2008 gelegt. Eine kleine Veranstaltung f\u00fcr Schneverdinger frei nach dem Motto \u201e\u00d6ffnet Eure Garagen\u201c soll Einwohner zusammenf\u00fchren, um einmal die verschiedenen Oldtimer und ihre Besitzer n\u00e4her kennen zu lernen. Initiiert wird diese urspr\u00fcnglich als einmalig geplante Zusammenkunft von Eduard Dierking, Rolf-Dieter Bargmann, Sandra R\u00f6hrs und Gerhard Hinrichs.<br \/>\nAufgrund der \u00fcberraschend zahlreichen G\u00e4ste kommt die Idee auf, solche Treffen regelm\u00e4\u00dfig zu veranstalten. Eine zwanglose Interessengemeinschaft soll es sein, kein Verein, kein Vorstand, keine Statuten. Ein regelm\u00e4\u00dfiges Treffen f\u00fcr Oldtimer-Liebhaber zum Kl\u00f6nen und um sich gegenseitig zu unterst\u00fctzen und zu helfen bei der Instandhaltung der Kulturg\u00fcter aus den Bereichen Moped, Motorrad, PKW und Nutzfahrzeug.<\/p>\n<p>Die mittlerweile 90 Mitglieder und 150 Fahrzeuge starke Interessengemeinschaft trifft sich zu gemeinsamer Freizeit wie Ausfahrten und Museumsbesuchen. Einen Stammtisch gibt es selbstverst\u00e4ndlich auch. Jeden zweiten Dienstag im Monat trifft sich die Oldtimer Gemeinde im <strong>Landgasthaus zum M\u00fcden<\/strong> (<span class=\"LrzXr\">Wesseloher Str. 29, 29640 Schneverdingen<\/span>) um 19.00 Uhr.<\/p>\n<p>Finanziert wird die IG ausschlie\u00dflich durch Spendengelder der Sponsoren und eigener Mitglieder. So soll die Idee der losen Gemeinschaft erhalten und durch weitere j\u00e4hrliche Veranstaltungen der Kreis der Oldtimer-Fans erweitert werden.<\/p>\n","protected":false},"excerpt":{"rendered":"<p>Der Grundstein f\u00fcr eine Oldtimer IG in Schneverdingen wird im Herbst 2008 gelegt. Eine kleine Veranstaltung f\u00fcr Schneverdinger frei nach dem Motto \u201e\u00d6ffnet Eure Garagen\u201c soll Einwohner zusammenf\u00fchren, um einmal die verschiedenen Oldtimer und ihre Besitzer n\u00e4her kennen zu lernen&#8230;.<br \/><a class=\"read-more-button\" href=\"https:\/\/oldtimer-ig-schneverdingen.de\/?page_id=32\">Mehr Lesen<\/a><\/p>\n","protected":false},"author":1,"featured_media":0,"parent":0,"menu_order":0,"comment_status":"closed","ping_status":"closed","template":"","meta":{"jetpack_post_was_ever_published":false,"footnotes":""},"jetpack_sharing_enabled":true,"jetpack_shortlink":"https:\/\/wp.me\/P8UH4D-w","jetpack-related-posts":[],"_links":{"self":[{"href":"https:\/\/oldtimer-ig-schneverdingen.de\/index.php?rest_route=\/wp\/v2\/pages\/32"}],"collection":[{"href":"https:\/\/oldtimer-ig-schneverdingen.de\/index.php?rest_route=\/wp\/v2\/pages"}],"about":[{"href":"https:\/\/oldtimer-ig-schneverdingen.de\/index.php?rest_route=\/wp\/v2\/types\/page"}],"author":[{"embeddable":true,"href":"https:\/\/oldtimer-ig-schneverdingen.de\/index.php?rest_route=\/wp\/v2\/users\/1"}],"replies":[{"embeddable":true,"href":"https:\/\/oldtimer-ig-schneverdingen.de\/index.php?rest_route=%2Fwp%2Fv2%2Fcomments&post=32"}],"version-history":[{"count":5,"href":"https:\/\/oldtimer-ig-schneverdingen.de\/index.php?rest_route=\/wp\/v2\/pages\/32\/revisions"}],"predecessor-version":[{"id":406,"href":"https:\/\/oldtimer-ig-schneverdingen.de\/index.php?rest_route=\/wp\/v2\/pages\/32\/revisions\/406"}],"wp:attachment":[{"href":"https:\/\/oldtimer-ig-schneverdingen.de\/index.php?rest_route=%2Fwp%2Fv2%2Fmedia&parent=32"}],"curies":[{"name":"wp","href":"https:\/\/api.w.org\/{rel}","templated":true}]}}