{"id":2,"date":"2017-07-04T10:12:30","date_gmt":"2017-07-04T08:12:30","guid":{"rendered":"http:\/\/oldtimer-ig-schneverdingen.de\/?page_id=2"},"modified":"2022-11-19T19:58:12","modified_gmt":"2022-11-19T18:58:12","slug":"beispiel-seite","status":"publish","type":"page","link":"https:\/\/oldtimer-ig-schneverdingen.de\/?page_id=2","title":{"rendered":"Impressum"},"content":{"rendered":"<p>Impressum<br \/>\nOldtimer IG Schneverdingen<br \/>\nGerhard Hinrichs<\/p>\n<p>Raiffeisenstr. 50<\/p>\n<p>29640 Schneverdingen<\/p>\n<p>gh@oldtimer-ig-schneverdingen.de<br \/>\nwww.oldtimer-ig-schneverdingen.de<\/p>\n<p>Rechtliche Hinweise:<br \/>\nHaftungsbeschr\u00e4nkung<br \/>\nDie Seiteninhalte erstelle ich mit gr\u00f6\u00dftm\u00f6glicher Sorgfalt. Jedoch \u00fcbernehme ich keine Gew\u00e4hr f\u00fcr die Richtigkeit, Vollst\u00e4ndigkeit und Aktualit\u00e4t der von mir bereitgestellten Inhalte. Die Nutzung der Inhalte meiner Seite erfolgt auf eigene Gefahr des Nutzers.<br \/>\nMit der reinen Nutzung der Website des Anbieters kommt keinerlei Vertragsverh\u00e4ltnis zwischen dem Nutzer und dem Anbieter zustande.<br \/>\nDie Nennung von Firmen-, Gebrauchs- oder Handel- bzw. Markennamen erfolgt ohne Pr\u00fcfung etwaiger Rechte Dritter. Aus einem fehlenden Markenschutz- oder Copyright-Hinweis kann insbesondere nicht der Schluss gezogen werden, diese Namen und\/oder Bezeichnungen seien frei von Rechten Dritter.<\/p>\n<p>Urheber- und Leistungsschutzrechte<\/p>\n<p>Die auf dieser Website ver\u00f6ffentlichten Inhalte unterliegen dem deutschen Urheber- und Leistungsschutzrecht.<br \/>\nGem\u00e4\u00df \u00a7 28 BDSG widerspreche ich jeder kommerziellen Verwendung und Weitergabe meiner Daten. Dies gilt insbesondere f\u00fcr Vervielf\u00e4ltigung, Bearbeitung, \u00dcbersetzung, Einspeicherung, Verarbeitung bzw. Wiedergabe von Inhalten in Datenbanken oder anderen elektronischen Medien und Systemen.<br \/>\nDie unerlaubte Vervielf\u00e4ltigung oder Weitergabe einzelner Inhalte oder kompletter Seiten ist nicht gestattet und strafbar. Die Darstellung dieser Website in fremden Frames ist nur mit schriftlicher Erlaubnis zul\u00e4ssig.<br \/>\nAlle Bilder &amp; Texte \u00a9 2011 Gerhard Hinrichs<\/p>\n<p>Pers\u00f6nlichkeitsrechte<\/p>\n<p>Ich bin darum bem\u00fcht, bei meinen Fotos die Rechte der fotografierten Personen zu wahren.<br \/>\nSollte sich dennoch jemand in seinem Recht am eigenen Bild verletzt sehen, dann werde ich nach einem entsprechenden Hinweis das betroffene Bild schnellstm\u00f6glich entfernen. Bitte kontaktieren Sie mich per e-mail \u00fcber die oben angegebene e-mail Adresse.<\/p>\n<p>Externe Links<\/p>\n<p>Die auf dieser Seite ver\u00f6ffentlichten externen Links werden mit gr\u00f6\u00dftm\u00f6glicher Sorgfalt von mir recherchiert und zusammengestellt. Ich habe keinen Einfluss auf die aktuelle und zuk\u00fcnftige Gestaltung und die Inhalte der verlinkten externen Seiten. Ich distanziere mich hiermit ausdr\u00fccklich von allen Inhalten aller extern verlinkter Seiten und mache mir diese Inhalte nicht zu Eigen.<\/p>\n","protected":false},"excerpt":{"rendered":"<p>Impressum Oldtimer IG Schneverdingen Gerhard Hinrichs Raiffeisenstr. 50 29640 Schneverdingen gh@oldtimer-ig-schneverdingen.de www.oldtimer-ig-schneverdingen.de Rechtliche Hinweise: Haftungsbeschr\u00e4nkung Die Seiteninhalte erstelle ich mit gr\u00f6\u00dftm\u00f6glicher Sorgfalt. Jedoch \u00fcbernehme ich keine Gew\u00e4hr f\u00fcr die Richtigkeit, Vollst\u00e4ndigkeit und Aktualit\u00e4t der von mir bereitgestellten Inhalte. Die Nutzung&#8230;<br \/><a class=\"read-more-button\" href=\"https:\/\/oldtimer-ig-schneverdingen.de\/?page_id=2\">Mehr Lesen<\/a><\/p>\n","protected":false},"author":1,"featured_media":0,"parent":0,"menu_order":0,"comment_status":"closed","ping_status":"open","template":"","meta":{"jetpack_post_was_ever_published":false,"footnotes":""},"jetpack_sharing_enabled":true,"jetpack_shortlink":"https:\/\/wp.me\/P8UH4D-2","jetpack-related-posts":[],"_links":{"self":[{"href":"https:\/\/oldtimer-ig-schneverdingen.de\/index.php?rest_route=\/wp\/v2\/pages\/2"}],"collection":[{"href":"https:\/\/oldtimer-ig-schneverdingen.de\/index.php?rest_route=\/wp\/v2\/pages"}],"about":[{"href":"https:\/\/oldtimer-ig-schneverdingen.de\/index.php?rest_route=\/wp\/v2\/types\/page"}],"author":[{"embeddable":true,"href":"https:\/\/oldtimer-ig-schneverdingen.de\/index.php?rest_route=\/wp\/v2\/users\/1"}],"replies":[{"embeddable":true,"href":"https:\/\/oldtimer-ig-schneverdingen.de\/index.php?rest_route=%2Fwp%2Fv2%2Fcomments&post=2"}],"version-history":[{"count":5,"href":"https:\/\/oldtimer-ig-schneverdingen.de\/index.php?rest_route=\/wp\/v2\/pages\/2\/revisions"}],"predecessor-version":[{"id":409,"href":"https:\/\/oldtimer-ig-schneverdingen.de\/index.php?rest_route=\/wp\/v2\/pages\/2\/revisions\/409"}],"wp:attachment":[{"href":"https:\/\/oldtimer-ig-schneverdingen.de\/index.php?rest_route=%2Fwp%2Fv2%2Fmedia&parent=2"}],"curies":[{"name":"wp","href":"https:\/\/api.w.org\/{rel}","templated":true}]}}